{"id":157,"date":"2023-05-04T13:16:21","date_gmt":"2023-05-04T11:16:21","guid":{"rendered":"https:\/\/unidigitalsimustat.umh.es\/?page_id=157"},"modified":"2023-10-05T09:11:34","modified_gmt":"2023-10-05T07:11:34","slug":"introduccion-al-biopython","status":"publish","type":"page","link":"https:\/\/unidigitalsimbiolab.umh.es\/en\/introduccion-al-biopython\/","title":{"rendered":"Librer\u00edas espec\u00edficas y aspectos avanzados"},"content":{"rendered":"<p>[et_pb_section fb_built=&#8221;1&#8243; _builder_version=&#8221;4.17.4&#8243; _module_preset=&#8221;default&#8221; global_colors_info=&#8221;{}&#8221;][et_pb_row column_structure=&#8221;1_5,3_5,1_5&#8243; _builder_version=&#8221;4.17.4&#8243; _module_preset=&#8221;default&#8221; global_colors_info=&#8221;{}&#8221;][et_pb_column type=&#8221;1_5&#8243; _builder_version=&#8221;4.17.4&#8243; _module_preset=&#8221;default&#8221; global_colors_info=&#8221;{}&#8221;][et_pb_button button_url=&#8221;https:\/\/unidigitalsimbiolab.umh.es\/introduccion-a-la-bioinformatica\/&#8221; button_text=&#8221;Unidad 1.1 Introducci\u00f3n a la Bioinform\u00e1tica&#8221; button_alignment=&#8221;center&#8221; _builder_version=&#8221;4.17.4&#8243; _module_preset=&#8221;default&#8221; custom_button=&#8221;on&#8221; button_text_size=&#8221;14px&#8221; button_text_color=&#8221;#bf4c00&#8243; button_bg_color=&#8221;#FFFFFF&#8221; button_border_color=&#8221;#bf5800&#8243; button_font=&#8221;Roboto||||||||&#8221; button_icon=&#8221;&#x48;||divi||400&#8243; button_icon_placement=&#8221;left&#8221; transform_scale_tablet=&#8221;&#8221; transform_scale_phone=&#8221;&#8221; transform_scale_last_edited=&#8221;on|desktop&#8221; transform_translate=&#8221;-92px|0px&#8221; transform_translate_tablet=&#8221;-21px|0px&#8221; transform_translate_phone=&#8221;-22px|0px&#8221; transform_translate_last_edited=&#8221;on|phone&#8221; transform_translate_linked=&#8221;off&#8221; transform_rotate_tablet=&#8221;&#8221; transform_rotate_phone=&#8221;&#8221; transform_rotate_last_edited=&#8221;on|desktop&#8221; transform_skew_tablet=&#8221;&#8221; transform_skew_phone=&#8221;&#8221; transform_skew_last_edited=&#8221;on|desktop&#8221; transform_origin_tablet=&#8221;&#8221; transform_origin_phone=&#8221;&#8221; transform_origin_last_edited=&#8221;on|desktop&#8221; transform_styles_last_edited=&#8221;on|phone&#8221; custom_margin=&#8221;|-50px|||false|false&#8221; hover_enabled=&#8221;0&#8243; transform_styles_tablet=&#8221;&#8221; transform_styles_phone=&#8221;&#8221; global_colors_info=&#8221;{}&#8221; sticky_enabled=&#8221;0&#8243;][\/et_pb_button][\/et_pb_column][et_pb_column type=&#8221;3_5&#8243; _builder_version=&#8221;4.17.4&#8243; _module_preset=&#8221;default&#8221; global_colors_info=&#8221;{}&#8221;][et_pb_text _builder_version=&#8221;4.17.4&#8243; _module_preset=&#8221;default&#8221; text_font=&#8221;Signika||||||||&#8221; header_2_font_size=&#8221;22px&#8221; global_colors_info=&#8221;{}&#8221;]<\/p>\n<h1 style=\"text-align: center;\"><strong>M\u00f3dulo 1. Primeros pasos en Bioinform\u00e1tica<\/strong><\/h1>\n<p><strong><\/strong><\/p>\n<h2 style=\"text-align: center;\"><strong>Unidad 1.2 Introducci\u00f3n al BioPython<\/strong><\/h2>\n<p>&nbsp;<\/p>\n<p>[\/et_pb_text][\/et_pb_column][et_pb_column type=&#8221;1_5&#8243; _builder_version=&#8221;4.17.4&#8243; _module_preset=&#8221;default&#8221; global_colors_info=&#8221;{}&#8221;][et_pb_button button_url=&#8221;https:\/\/unidigitalsimbiolab.umh.es\/conceptos-generales\/&#8221; button_text=&#8221;Unidad 2.1 Conceptos generales&#8221; button_alignment=&#8221;center&#8221; _builder_version=&#8221;4.17.4&#8243; _module_preset=&#8221;default&#8221; custom_button=&#8221;on&#8221; button_text_size=&#8221;14px&#8221; button_text_color=&#8221;#bf4c00&#8243; button_bg_color=&#8221;#FFFFFF&#8221; button_border_color=&#8221;#bf5800&#8243; button_font=&#8221;Roboto||||||||&#8221; button_icon=&#8221;&#x48;||divi||400&#8243; button_icon_placement=&#8221;left&#8221; transform_scale_tablet=&#8221;&#8221; transform_scale_phone=&#8221;&#8221; transform_scale_last_edited=&#8221;on|desktop&#8221; transform_translate=&#8221;90px|0px&#8221; transform_translate_tablet=&#8221;-21px|0px&#8221; transform_translate_phone=&#8221;-22px|0px&#8221; transform_translate_last_edited=&#8221;on|phone&#8221; transform_translate_linked=&#8221;off&#8221; transform_rotate_tablet=&#8221;&#8221; transform_rotate_phone=&#8221;&#8221; transform_rotate_last_edited=&#8221;on|desktop&#8221; transform_skew_tablet=&#8221;&#8221; transform_skew_phone=&#8221;&#8221; transform_skew_last_edited=&#8221;on|desktop&#8221; transform_origin_tablet=&#8221;&#8221; transform_origin_phone=&#8221;&#8221; transform_origin_last_edited=&#8221;on|desktop&#8221; transform_styles_last_edited=&#8221;on|phone&#8221; custom_margin=&#8221;|-50px|||false|false&#8221; hover_enabled=&#8221;0&#8243; transform_styles_tablet=&#8221;&#8221; transform_styles_phone=&#8221;&#8221; global_colors_info=&#8221;{}&#8221; sticky_enabled=&#8221;0&#8243;][\/et_pb_button][\/et_pb_column][\/et_pb_row][et_pb_row column_structure=&#8221;1_3,1_3,1_3&#8243; _builder_version=&#8221;4.17.4&#8243; _module_preset=&#8221;default&#8221; width=&#8221;89%&#8221; max_width=&#8221;1543px&#8221; global_colors_info=&#8221;{}&#8221;][et_pb_column type=&#8221;1_3&#8243; _builder_version=&#8221;4.17.4&#8243; _module_preset=&#8221;default&#8221; global_colors_info=&#8221;{}&#8221;][et_pb_image src=&#8221;https:\/\/unidigitalsimbiolab.umh.es\/files\/2023\/07\/Enlace-a-cuaderno-120.png&#8221; title_text=&#8221;Enlace a cuaderno 120&#8243; url=&#8221;https:\/\/colab.research.google.com\/drive\/1IxmsfXYb_xurM5EEP4SzZz_H7mX3OVW6&#8243; url_new_window=&#8221;on&#8221; align=&#8221;center&#8221; _builder_version=&#8221;4.17.4&#8243; _module_preset=&#8221;default&#8221; width=&#8221;50%&#8221; custom_padding=&#8221;22px||||false|false&#8221; global_colors_info=&#8221;{}&#8221;][\/et_pb_image][et_pb_accordion _builder_version=&#8221;4.17.4&#8243; _module_preset=&#8221;default&#8221; toggle_font=&#8221;Signika||||||||&#8221; custom_margin=&#8221;||42px|||&#8221; global_colors_info=&#8221;{}&#8221;][et_pb_accordion_item title=&#8221;Tema 120. El m\u00f3dulo Bio.Seq&#8221; open=&#8221;on&#8221; _builder_version=&#8221;4.17.4&#8243; _module_preset=&#8221;default&#8221; global_colors_info=&#8221;{}&#8221;]<\/p>\n<ol>\n<li><span style=\"color: #bf5800;\"><a href=\"https:\/\/colab.research.google.com\/drive\/1IxmsfXYb_xurM5EEP4SzZz_H7mX3OVW6#scrollTo=QlWQG4GfcAcu\" target=\"_blank\" rel=\"noopener\" style=\"color: #bf5800;\"><span data-sheets-value=\"{&quot;1&quot;:2,&quot;2&quot;:&quot;1. Introducci\u00f3n a Biopython&quot;}\" data-sheets-userformat=\"{&quot;2&quot;:14337,&quot;3&quot;:{&quot;1&quot;:0,&quot;3&quot;:1},&quot;14&quot;:{&quot;1&quot;:3,&quot;3&quot;:1},&quot;15&quot;:&quot;Calibri&quot;,&quot;16&quot;:11}\">Introducci\u00f3n a Biopython<\/span><\/a><\/span><\/li>\n<li><span style=\"color: #bf5800;\"><a href=\"https:\/\/colab.research.google.com\/drive\/1IxmsfXYb_xurM5EEP4SzZz_H7mX3OVW6#scrollTo=PYSZAJL73RpA\" target=\"_blank\" rel=\"noopener\" style=\"color: #bf5800;\"><span data-sheets-value=\"{&quot;1&quot;:2,&quot;2&quot;:&quot;2. Propiedades de los objetos de secuencia&quot;}\" data-sheets-userformat=\"{&quot;2&quot;:14337,&quot;3&quot;:{&quot;1&quot;:0,&quot;3&quot;:1},&quot;14&quot;:{&quot;1&quot;:3,&quot;3&quot;:1},&quot;15&quot;:&quot;Calibri&quot;,&quot;16&quot;:11}\">Propiedades de los objetos de secuencia<\/span><\/a><\/span><\/li>\n<li><span style=\"color: #bf5800;\"><a href=\"https:\/\/colab.research.google.com\/drive\/1IxmsfXYb_xurM5EEP4SzZz_H7mX3OVW6#scrollTo=WF2f-_TX8Izy\" target=\"_blank\" rel=\"noopener\" style=\"color: #bf5800;\"><span data-sheets-value=\"{&quot;1&quot;:2,&quot;2&quot;:&quot;3. Operaciones b\u00e1sicas con objetos de secuencia&quot;}\" data-sheets-userformat=\"{&quot;2&quot;:14337,&quot;3&quot;:{&quot;1&quot;:0,&quot;3&quot;:1},&quot;14&quot;:{&quot;1&quot;:3,&quot;3&quot;:1},&quot;15&quot;:&quot;Calibri&quot;,&quot;16&quot;:11}\">Operaciones b\u00e1sicas con objetos de secuencia<\/span><\/a><\/span><\/li>\n<li><span style=\"color: #bf5800;\"><a href=\"https:\/\/colab.research.google.com\/drive\/1IxmsfXYb_xurM5EEP4SzZz_H7mX3OVW6#scrollTo=_5JltC4VBUGL\" target=\"_blank\" rel=\"noopener\" style=\"color: #bf5800;\"><span data-sheets-value=\"{&quot;1&quot;:2,&quot;2&quot;:&quot;4. Los m\u00e9todos complement y reverse_complement&quot;}\" data-sheets-userformat=\"{&quot;2&quot;:14337,&quot;3&quot;:{&quot;1&quot;:0,&quot;3&quot;:1},&quot;14&quot;:{&quot;1&quot;:3,&quot;3&quot;:1},&quot;15&quot;:&quot;Calibri&quot;,&quot;16&quot;:11}\">L<span style=\"color: #bf5800;\">os m\u00e9todos complement y reverse_complement<\/span><\/span><\/a><\/span><\/li>\n<li><span style=\"color: #bf5800;\"><a href=\"https:\/\/colab.research.google.com\/drive\/1IxmsfXYb_xurM5EEP4SzZz_H7mX3OVW6#scrollTo=sj-BONbr8_aQ\" target=\"_blank\" rel=\"noopener\" style=\"color: #bf5800;\">Los m\u00e9todos transcribe y translate<\/a><\/span><\/li>\n<li><span style=\"color: #bf5800;\"><a href=\"https:\/\/colab.research.google.com\/drive\/1IxmsfXYb_xurM5EEP4SzZz_H7mX3OVW6#scrollTo=rVRF3zVFF631\" target=\"_blank\" rel=\"noopener\" style=\"color: #bf5800;\">Tablas de traducci\u00f3n<\/a><\/span><\/li>\n<\/ol>\n<p><span style=\"color: #bf5800;\"><\/span><\/p>\n<p>[\/et_pb_accordion_item][\/et_pb_accordion][\/et_pb_column][et_pb_column type=&#8221;1_3&#8243; _builder_version=&#8221;4.17.4&#8243; _module_preset=&#8221;default&#8221; global_colors_info=&#8221;{}&#8221;][et_pb_image src=&#8221;https:\/\/unidigitalsimbiolab.umh.es\/files\/2023\/07\/Enlace-a-cuaderno-130.png&#8221; title_text=&#8221;Enlace a cuaderno 130&#8243; url=&#8221;https:\/\/colab.research.google.com\/drive\/12nUvs5MGcOthMIUrrdok0ao3xkrO1Ggf&#8221; url_new_window=&#8221;on&#8221; align=&#8221;center&#8221; _builder_version=&#8221;4.17.4&#8243; _module_preset=&#8221;default&#8221; transform_translate=&#8221;0px|21px&#8221; transform_translate_linked=&#8221;off&#8221; width=&#8221;50%&#8221; module_alignment=&#8221;center&#8221; custom_margin=&#8221;||||false|false&#8221; custom_padding=&#8221;||24px||false|false&#8221; global_colors_info=&#8221;{}&#8221;][\/et_pb_image][et_pb_accordion _builder_version=&#8221;4.17.4&#8243; _module_preset=&#8221;default&#8221; toggle_font=&#8221;Signika||||||||&#8221; global_colors_info=&#8221;{}&#8221;][et_pb_accordion_item title=&#8221;Tema 130. El objeto Bio.SeqRecord&#8221; open=&#8221;on&#8221; _builder_version=&#8221;4.17.4&#8243; _module_preset=&#8221;default&#8221; global_colors_info=&#8221;{}&#8221;]<\/p>\n<ol>\n<li><span style=\"color: #bf5800;\"><a href=\"https:\/\/colab.research.google.com\/drive\/12nUvs5MGcOthMIUrrdok0ao3xkrO1Ggf#scrollTo=SqvOgGJ9Ijai\" target=\"_blank\" rel=\"noopener\" style=\"color: #bf5800;\"><span data-sheets-value=\"{&quot;1&quot;:2,&quot;2&quot;:&quot;1. Propiedades de los objetos SeqRecord&quot;}\" data-sheets-userformat=\"{&quot;2&quot;:14337,&quot;3&quot;:{&quot;1&quot;:0,&quot;3&quot;:1},&quot;14&quot;:{&quot;1&quot;:3,&quot;3&quot;:1},&quot;15&quot;:&quot;Calibri&quot;,&quot;16&quot;:11}\">Propiedades de los objetos SeqRecord<\/span><\/a><\/span><\/li>\n<li><span style=\"color: #bf5800;\"><a href=\"https:\/\/colab.research.google.com\/drive\/12nUvs5MGcOthMIUrrdok0ao3xkrO1Ggf#scrollTo=kE1FoVx-HTgc\" target=\"_blank\" rel=\"noopener\" style=\"color: #bf5800;\"><span data-sheets-value=\"{&quot;1&quot;:2,&quot;2&quot;:&quot;2. Propiedades de los objetos SeqFeature&quot;}\" data-sheets-userformat=\"{&quot;2&quot;:14337,&quot;3&quot;:{&quot;1&quot;:0,&quot;3&quot;:1},&quot;14&quot;:{&quot;1&quot;:3,&quot;3&quot;:1},&quot;15&quot;:&quot;Calibri&quot;,&quot;16&quot;:11}\">Propiedades de los objetos SeqFeature<\/span><\/a><\/span><\/li>\n<li><span style=\"color: #bf5800;\"><a href=\"https:\/\/colab.research.google.com\/drive\/12nUvs5MGcOthMIUrrdok0ao3xkrO1Ggf#scrollTo=AOrWBzi2R5tt\" target=\"_blank\" rel=\"noopener\" style=\"color: #bf5800;\"><span data-sheets-value=\"{&quot;1&quot;:2,&quot;2&quot;:&quot;3. Operaciones con los objetos SeqRecord&quot;}\" data-sheets-userformat=\"{&quot;2&quot;:14337,&quot;3&quot;:{&quot;1&quot;:0,&quot;3&quot;:1},&quot;14&quot;:{&quot;1&quot;:3,&quot;3&quot;:1},&quot;15&quot;:&quot;Calibri&quot;,&quot;16&quot;:11}\">Operaciones con los objetos SeqRecord<\/span><\/a><\/span><span style=\"color: #bf5800;\"><span data-sheets-value=\"{&quot;1&quot;:2,&quot;2&quot;:&quot;3. Operaciones con los objetos SeqRecord&quot;}\" data-sheets-userformat=\"{&quot;2&quot;:14337,&quot;3&quot;:{&quot;1&quot;:0,&quot;3&quot;:1},&quot;14&quot;:{&quot;1&quot;:3,&quot;3&quot;:1},&quot;15&quot;:&quot;Calibri&quot;,&quot;16&quot;:11}\"><\/span><\/span><\/li>\n<\/ol>\n<p><span style=\"color: #bf5800;\"><span data-sheets-value=\"{&quot;1&quot;:2,&quot;2&quot;:&quot;3. Operaciones con los objetos SeqRecord&quot;}\" data-sheets-userformat=\"{&quot;2&quot;:14337,&quot;3&quot;:{&quot;1&quot;:0,&quot;3&quot;:1},&quot;14&quot;:{&quot;1&quot;:3,&quot;3&quot;:1},&quot;15&quot;:&quot;Calibri&quot;,&quot;16&quot;:11}\"><\/span><\/span><\/p>\n<p>&nbsp;<\/p>\n<p>&nbsp;<\/p>\n<p>[\/et_pb_accordion_item][\/et_pb_accordion][\/et_pb_column][et_pb_column type=&#8221;1_3&#8243; _builder_version=&#8221;4.17.4&#8243; _module_preset=&#8221;default&#8221; global_colors_info=&#8221;{}&#8221;][et_pb_image src=&#8221;https:\/\/unidigitalsimbiolab.umh.es\/files\/2023\/07\/Enlace-a-cuaderno-140.png&#8221; title_text=&#8221;Enlace a cuaderno 140&#8243; url=&#8221;https:\/\/colab.research.google.com\/drive\/1Xz_IgmO7Ods2J-Ur-Rj3ez_eXkBOUxsU&#8221; url_new_window=&#8221;on&#8221; align=&#8221;center&#8221; _builder_version=&#8221;4.17.4&#8243; _module_preset=&#8221;default&#8221; width=&#8221;50%&#8221; module_alignment=&#8221;center&#8221; custom_padding=&#8221;24px||||false|false&#8221; global_colors_info=&#8221;{}&#8221;][\/et_pb_image][et_pb_accordion _builder_version=&#8221;4.17.4&#8243; _module_preset=&#8221;default&#8221; toggle_font=&#8221;Signika||||||||&#8221; global_colors_info=&#8221;{}&#8221;][et_pb_accordion_item title=&#8221;Tema 140. El m\u00f3dulo Bio.SeqIO&#8221; open=&#8221;on&#8221; _builder_version=&#8221;4.17.4&#8243; _module_preset=&#8221;default&#8221; global_colors_info=&#8221;{}&#8221;]<\/p>\n<ol>\n<li><span style=\"color: #bf5800;\"><a href=\"https:\/\/colab.research.google.com\/drive\/1Xz_IgmO7Ods2J-Ur-Rj3ez_eXkBOUxsU#scrollTo=Iva_i_RDhmQU\" target=\"_blank\" rel=\"noopener\" style=\"color: #bf5800;\"><span data-sheets-value=\"{&quot;1&quot;:2,&quot;2&quot;:&quot;1. Leer y escribir ficheros de texto en Python&quot;}\" data-sheets-userformat=\"{&quot;2&quot;:14337,&quot;3&quot;:{&quot;1&quot;:0,&quot;3&quot;:1},&quot;14&quot;:{&quot;1&quot;:3,&quot;3&quot;:1},&quot;15&quot;:&quot;Calibri&quot;,&quot;16&quot;:11}\">Leer y escribir ficheros de texto en Python<\/span><\/a><\/span><\/li>\n<li><span style=\"color: #bf5800;\"><a href=\"https:\/\/colab.research.google.com\/drive\/1Xz_IgmO7Ods2J-Ur-Rj3ez_eXkBOUxsU#scrollTo=SqvOgGJ9Ijai\" target=\"_blank\" rel=\"noopener\" style=\"color: #bf5800;\"><span data-sheets-value=\"{&quot;1&quot;:2,&quot;2&quot;:&quot;2. Descarga de secuencias en l\u00ednea&quot;}\" data-sheets-userformat=\"{&quot;2&quot;:14463,&quot;3&quot;:{&quot;1&quot;:0,&quot;3&quot;:1},&quot;4&quot;:{&quot;1&quot;:2,&quot;2&quot;:16777215},&quot;5&quot;:{&quot;1&quot;:[{&quot;1&quot;:2,&quot;2&quot;:0,&quot;5&quot;:{&quot;1&quot;:0}},{&quot;1&quot;:0,&quot;2&quot;:0,&quot;3&quot;:3},{&quot;1&quot;:1,&quot;2&quot;:0,&quot;4&quot;:1}]},&quot;6&quot;:{&quot;1&quot;:[{&quot;1&quot;:2,&quot;2&quot;:0,&quot;5&quot;:{&quot;1&quot;:0}},{&quot;1&quot;:0,&quot;2&quot;:0,&quot;3&quot;:3},{&quot;1&quot;:1,&quot;2&quot;:0,&quot;4&quot;:1}]},&quot;7&quot;:{&quot;1&quot;:[{&quot;1&quot;:2,&quot;2&quot;:0,&quot;5&quot;:{&quot;1&quot;:0}},{&quot;1&quot;:0,&quot;2&quot;:0,&quot;3&quot;:3},{&quot;1&quot;:1,&quot;2&quot;:0,&quot;4&quot;:1}]},&quot;8&quot;:{&quot;1&quot;:[{&quot;1&quot;:2,&quot;2&quot;:0,&quot;5&quot;:{&quot;1&quot;:0}},{&quot;1&quot;:0,&quot;2&quot;:0,&quot;3&quot;:3},{&quot;1&quot;:1,&quot;2&quot;:0,&quot;4&quot;:1}]},&quot;9&quot;:0,&quot;14&quot;:{&quot;1&quot;:2,&quot;2&quot;:0},&quot;15&quot;:&quot;Calibri&quot;,&quot;16&quot;:11}\">Descarga de secuencias en l\u00ednea<\/span><\/a><\/span><\/li>\n<li><span style=\"color: #bf5800;\"><a href=\"https:\/\/colab.research.google.com\/drive\/1Xz_IgmO7Ods2J-Ur-Rj3ez_eXkBOUxsU#scrollTo=AJ6lkZk5MUuW\" target=\"_blank\" rel=\"noopener\" style=\"color: #bf5800;\"><span data-sheets-value=\"{&quot;1&quot;:2,&quot;2&quot;:&quot;3. Leer secuencias biol\u00f3gicas de un fichero con SeqIO&quot;}\" data-sheets-userformat=\"{&quot;2&quot;:14337,&quot;3&quot;:{&quot;1&quot;:0,&quot;3&quot;:1},&quot;14&quot;:{&quot;1&quot;:3,&quot;3&quot;:1},&quot;15&quot;:&quot;Calibri&quot;,&quot;16&quot;:11}\">Leer secuencias biol\u00f3gicas de un fichero con SeqIO<\/span><\/a><\/span><\/li>\n<li><span style=\"color: #bf5800;\"><a href=\"https:\/\/colab.research.google.com\/drive\/1Xz_IgmO7Ods2J-Ur-Rj3ez_eXkBOUxsU#scrollTo=bMEgC9lFPuE4\" target=\"_blank\" rel=\"noopener\" style=\"color: #bf5800;\"><span data-sheets-value=\"{&quot;1&quot;:2,&quot;2&quot;:&quot;4. Escribir secuencias biol\u00f3gicas a un fichero con SeqIO&quot;}\" data-sheets-userformat=\"{&quot;2&quot;:14337,&quot;3&quot;:{&quot;1&quot;:0,&quot;3&quot;:1},&quot;14&quot;:{&quot;1&quot;:3,&quot;3&quot;:1},&quot;15&quot;:&quot;Calibri&quot;,&quot;16&quot;:11}\">Escrib<span style=\"color: #bf5800;\">ir secuencias biol\u00f3gicas a un fichero con SeqIO<\/span><\/span><\/a><\/span><\/li>\n<li><span style=\"color: #bf5800;\"><a href=\"https:\/\/colab.research.google.com\/drive\/1Xz_IgmO7Ods2J-Ur-Rj3ez_eXkBOUxsU#scrollTo=cwWYlj6AM2ze\" target=\"_blank\" rel=\"noopener\" style=\"color: #bf5800;\">Interconversi\u00f3n de formatos<\/a><\/span><\/li>\n<\/ol>\n<p>&nbsp;<\/p>\n<p>[\/et_pb_accordion_item][\/et_pb_accordion][\/et_pb_column][\/et_pb_row][\/et_pb_section][et_pb_section fb_built=&#8221;1&#8243; _builder_version=&#8221;4.17.4&#8243; _module_preset=&#8221;default&#8221; background_color=&#8221;#000000&#8243; min_height=&#8221;100px&#8221; height=&#8221;100px&#8221; global_colors_info=&#8221;{}&#8221;][et_pb_row _builder_version=&#8221;4.17.4&#8243; _module_preset=&#8221;default&#8221; transform_scale_tablet=&#8221;&#8221; transform_scale_phone=&#8221;&#8221; transform_scale_last_edited=&#8221;on|phone&#8221; transform_translate=&#8221;0px|-40px&#8221; transform_translate_tablet=&#8221;0px|-40px&#8221; transform_translate_phone=&#8221;0px|-20px&#8221; transform_translate_last_edited=&#8221;on|phone&#8221; transform_translate_linked=&#8221;off&#8221; transform_rotate_tablet=&#8221;&#8221; transform_rotate_phone=&#8221;&#8221; transform_rotate_last_edited=&#8221;on|phone&#8221; transform_skew_tablet=&#8221;&#8221; transform_skew_phone=&#8221;&#8221; transform_skew_last_edited=&#8221;on|phone&#8221; transform_origin_tablet=&#8221;&#8221; transform_origin_phone=&#8221;&#8221; transform_origin_last_edited=&#8221;on|phone&#8221; transform_styles_last_edited=&#8221;on|phone&#8221; width=&#8221;10%&#8221; width_tablet=&#8221;10%&#8221; width_phone=&#8221;60%&#8221; width_last_edited=&#8221;on|phone&#8221; max_width=&#8221;749px&#8221; max_width_tablet=&#8221;749px&#8221; max_width_phone=&#8221;749px&#8221; max_width_last_edited=&#8221;on|phone&#8221; transform_styles_tablet=&#8221;&#8221; transform_styles_phone=&#8221;&#8221; global_colors_info=&#8221;{}&#8221;][et_pb_column type=&#8221;4_4&#8243; _builder_version=&#8221;4.17.4&#8243; _module_preset=&#8221;default&#8221; global_colors_info=&#8221;{}&#8221;][et_pb_image src=&#8221;https:\/\/unidigitalsimbiolab.umh.es\/files\/2023\/07\/Sin-titulo-5.png&#8221; alt=&#8221;Ir a la web de la Universidad Miguel Hern\u00e1ndez de Elche&#8221; _builder_version=&#8221;4.17.4&#8243; _module_preset=&#8221;default&#8221; global_colors_info=&#8221;{}&#8221;][\/et_pb_image][\/et_pb_column][\/et_pb_row][\/et_pb_section][et_pb_section fb_built=&#8221;1&#8243; _builder_version=&#8221;4.17.4&#8243; _module_preset=&#8221;default&#8221; background_color=&#8221;#000000&#8243; min_height=&#8221;150px&#8221; height=&#8221;100px&#8221; custom_padding=&#8221;0px|||||&#8221; global_colors_info=&#8221;{}&#8221;][et_pb_row _builder_version=&#8221;4.17.4&#8243; _module_preset=&#8221;default&#8221; global_colors_info=&#8221;{}&#8221;][et_pb_column type=&#8221;4_4&#8243; _builder_version=&#8221;4.17.4&#8243; _module_preset=&#8221;default&#8221; global_colors_info=&#8221;{}&#8221;][et_pb_text content_tablet=&#8221;<\/p>\n<p style=%22text-align: center;%22><a href=%22https:\/\/www.umh.es\/contenido\/Universidad\/:AvisoLegal\/datos_es.html%22 data-et-target-link=%22_blank%22 rel=%22noopener%22>Aviso legal<\/a>            <a href=%22https:\/\/infoecoe.umh.es\/declaracion-de-accesibilidad\/%22 data-et-target-link=%22_blank%22 rel=%22noopener%22>Accesibilidad<\/a>          <a href=%22https:\/\/www.umh.es\/contenido\/Universidad\/:ProteccionDatos\/datos_es.html%22 data-et-target-link=%22_blank%22 rel=%22noopener%22>Protecci\u00f3n de datos<\/a>           <a href=%22https:\/\/zeus.umh.es\/cookies\/%22 data-et-target-link=%22_blank%22 rel=%22noopener%22>Cookies<\/a><\/p>\n<p>&#8221; content_phone=&#8221;<\/p>\n<p style=%22text-align: center;%22>        <a href=%22https:\/\/www.umh.es\/contenido\/Universidad\/:AvisoLegal\/datos_es.html%22 data-et-target-link=%22_blank%22 rel=%22noopener%22>Aviso legal<\/a>                               <a href=%22https:\/\/infoecoe.umh.es\/declaracion-de-accesibilidad\/%22 data-et-target-link=%22_blank%22 rel=%22noopener%22>Accesibilidad<\/a><\/p>\n<p style=%22text-align: center;%22><a href=%22https:\/\/www.umh.es\/contenido\/Universidad\/:ProteccionDatos\/datos_es.html%22 data-et-target-link=%22_blank%22 rel=%22noopener%22>Protecci\u00f3n de datos<\/a>                            <a href=%22https:\/\/zeus.umh.es\/cookies\/%22 data-et-target-link=%22_blank%22 rel=%22noopener%22>Cookies<\/a><\/p>\n<p>&#8221; content_last_edited=&#8221;on|phone&#8221; _builder_version=&#8221;4.17.4&#8243; _module_preset=&#8221;default&#8221; text_font=&#8221;Overpass||||||||&#8221; text_text_color=&#8221;#FFFFFF&#8221; text_font_size=&#8221;15px&#8221; transform_scale_tablet=&#8221;&#8221; transform_scale_phone=&#8221;&#8221; transform_scale_last_edited=&#8221;on|phone&#8221; transform_translate_tablet=&#8221;&#8221; transform_translate_phone=&#8221;&#8221; transform_translate_last_edited=&#8221;on|phone&#8221; transform_translate_linked_phone=&#8221;off&#8221; transform_rotate_tablet=&#8221;&#8221; transform_rotate_phone=&#8221;&#8221; transform_rotate_last_edited=&#8221;on|phone&#8221; transform_skew_tablet=&#8221;&#8221; transform_skew_phone=&#8221;&#8221; transform_skew_last_edited=&#8221;on|phone&#8221; transform_origin_tablet=&#8221;&#8221; transform_origin_phone=&#8221;&#8221; transform_origin_last_edited=&#8221;on|phone&#8221; transform_styles_last_edited=&#8221;on|phone&#8221; width_tablet=&#8221;&#8221; width_phone=&#8221;100%&#8221; width_last_edited=&#8221;on|phone&#8221; max_width_tablet=&#8221;&#8221; max_width_phone=&#8221;100%&#8221; max_width_last_edited=&#8221;on|phone&#8221; transform_styles_tablet=&#8221;&#8221; transform_styles_phone=&#8221;&#8221; global_colors_info=&#8221;{}&#8221;]<\/p>\n<p style=\"text-align: center;\"><a href=\"https:\/\/www.umh.es\/contenido\/Universidad\/:AvisoLegal\/datos_es.html\" target=\"_blank\" rel=\"noopener\">Aviso legal<\/a> \u00a0 \u00a0 \u00a0 \u00a0 \u00a0 \u00a0<a href=\"https:\/\/infoecoe.umh.es\/declaracion-de-accesibilidad\/\" target=\"_blank\" rel=\"noopener\">Accesibilidad<\/a>\u00a0 \u00a0 \u00a0 \u00a0 \u00a0 <a href=\"https:\/\/www.umh.es\/contenido\/Universidad\/:ProteccionDatos\/datos_es.html\" target=\"_blank\" rel=\"noopener\">Protecci\u00f3n de datos<\/a>\u00a0 \u00a0 \u00a0 \u00a0 \u00a0 \u00a0<a href=\"https:\/\/zeus.umh.es\/cookies\/\" target=\"_blank\" rel=\"noopener\">Cookies<\/a><\/p>\n<p>[\/et_pb_text][\/et_pb_column][\/et_pb_row][et_pb_row _builder_version=&#8221;4.17.4&#8243; _module_preset=&#8221;default&#8221; transform_translate=&#8221;0px|-10px&#8221; transform_translate_linked=&#8221;off&#8221; custom_padding=&#8221;10px|||||&#8221; global_colors_info=&#8221;{}&#8221;][et_pb_column type=&#8221;4_4&#8243; _builder_version=&#8221;4.17.4&#8243; _module_preset=&#8221;default&#8221; global_colors_info=&#8221;{}&#8221;][et_pb_text _builder_version=&#8221;4.17.4&#8243; _module_preset=&#8221;default&#8221; text_font=&#8221;Overpass||||||||&#8221; text_text_color=&#8221;#FFFFFF&#8221; global_colors_info=&#8221;{}&#8221;]<\/p>\n<p style=\"text-align: center;\">Universidad Miguel Hern\u00e1ndez de Elche 2023<\/p>\n<p>[\/et_pb_text][\/et_pb_column][\/et_pb_row][\/et_pb_section]<\/p>\n","protected":false},"excerpt":{"rendered":"<p>M\u00f3dulo 1. Primeros pasos en Bioinform\u00e1tica Unidad 1.2 Introducci\u00f3n al BioPython &nbsp; Introducci\u00f3n a Biopython Propiedades de los objetos de secuencia Operaciones b\u00e1sicas con objetos de secuencia Los m\u00e9todos complement y reverse_complement Los m\u00e9todos transcribe y translate Tablas de traducci\u00f3n Propiedades de los objetos SeqRecord Propiedades de los objetos SeqFeature Operaciones con los objetos SeqRecord [&hellip;]<\/p>\n","protected":false},"author":24713,"featured_media":0,"parent":0,"menu_order":0,"comment_status":"closed","ping_status":"closed","template":"","meta":{"_et_pb_use_builder":"on","_et_pb_old_content":"","_et_gb_content_width":"","ngg_post_thumbnail":0,"_links_to":"","_links_to_target":""},"_links":{"self":[{"href":"https:\/\/unidigitalsimbiolab.umh.es\/en\/wp-json\/wp\/v2\/pages\/157"}],"collection":[{"href":"https:\/\/unidigitalsimbiolab.umh.es\/en\/wp-json\/wp\/v2\/pages"}],"about":[{"href":"https:\/\/unidigitalsimbiolab.umh.es\/en\/wp-json\/wp\/v2\/types\/page"}],"author":[{"embeddable":true,"href":"https:\/\/unidigitalsimbiolab.umh.es\/en\/wp-json\/wp\/v2\/users\/24713"}],"replies":[{"embeddable":true,"href":"https:\/\/unidigitalsimbiolab.umh.es\/en\/wp-json\/wp\/v2\/comments?post=157"}],"version-history":[{"count":0,"href":"https:\/\/unidigitalsimbiolab.umh.es\/en\/wp-json\/wp\/v2\/pages\/157\/revisions"}],"wp:attachment":[{"href":"https:\/\/unidigitalsimbiolab.umh.es\/en\/wp-json\/wp\/v2\/media?parent=157"}],"curies":[{"name":"wp","href":"https:\/\/api.w.org\/{rel}","templated":true}]}}