{"id":739,"date":"2023-12-10T20:56:47","date_gmt":"2023-12-10T19:56:47","guid":{"rendered":"https:\/\/unidigitalsimbiolab.umh.es\/?page_id=739"},"modified":"2023-12-10T20:58:29","modified_gmt":"2023-12-10T19:58:29","slug":"declaracion-de-accesibilidad","status":"publish","type":"page","link":"https:\/\/unidigitalsimbiolab.umh.es\/en\/declaracion-de-accesibilidad\/","title":{"rendered":"<span lang=\"es\">(Espa\u00f1ol) Declaraci\u00f3n de accesibilidad<\/span>"},"content":{"rendered":"<p>[et_pb_section fb_built=&#8221;1&#8243; _builder_version=&#8221;4.17.4&#8243; _module_preset=&#8221;default&#8221; background_color=&#8221;#c4c4c4&#8243; background_image=&#8221;https:\/\/unidigitalsimbiolab.umh.es\/files\/2023\/09\/dna-5695421_1920.jpg&#8221; background_blend=&#8221;soft-light&#8221; width=&#8221;100%&#8221; module_alignment=&#8221;center&#8221; height=&#8221;280px&#8221; background_color_tablet=&#8221;#BFBFBF&#8221; background_color_phone=&#8221;#A6A6A6&#8243; background_last_edited=&#8221;off|desktop&#8221; background_enable_color_tablet=&#8221;on&#8221; background_enable_color_phone=&#8221;on&#8221; background_blend_tablet=&#8221;overlay&#8221; background_blend_phone=&#8221;overlay&#8221; global_colors_info=&#8221;{}&#8221;][et_pb_row _builder_version=&#8221;4.17.4&#8243; _module_preset=&#8221;default&#8221; transform_scale_tablet=&#8221;&#8221; transform_scale_phone=&#8221;&#8221; transform_scale_last_edited=&#8221;on|phone&#8221; transform_translate=&#8221;20px|-50px&#8221; transform_translate_tablet=&#8221;-33px|0px&#8221; transform_translate_phone=&#8221;50px|0px&#8221; transform_translate_last_edited=&#8221;on|phone&#8221; transform_translate_linked=&#8221;off&#8221; transform_rotate_tablet=&#8221;&#8221; transform_rotate_phone=&#8221;&#8221; transform_rotate_last_edited=&#8221;on|phone&#8221; transform_skew_tablet=&#8221;&#8221; transform_skew_phone=&#8221;&#8221; transform_skew_last_edited=&#8221;on|phone&#8221; transform_origin_tablet=&#8221;&#8221; transform_origin_phone=&#8221;&#8221; transform_origin_last_edited=&#8221;on|phone&#8221; transform_styles_last_edited=&#8221;on|phone&#8221; width=&#8221;100%&#8221; max_width=&#8221;1094px&#8221; module_alignment=&#8221;center&#8221; height=&#8221;154px&#8221; custom_margin=&#8221;17px||||false|false&#8221; background_color_phone=&#8221;RGBA(255,255,255,0)&#8221; background_last_edited=&#8221;on|phone&#8221; background_enable_color_phone=&#8221;on&#8221; transform_styles_tablet=&#8221;&#8221; transform_styles_phone=&#8221;&#8221; global_colors_info=&#8221;{}&#8221;][et_pb_column type=&#8221;4_4&#8243; _builder_version=&#8221;4.17.4&#8243; _module_preset=&#8221;default&#8221; global_colors_info=&#8221;{}&#8221;][et_pb_text _builder_version=&#8221;4.17.4&#8243; _module_preset=&#8221;default&#8221; text_font=&#8221;Overpass||||||||&#8221; text_text_color=&#8221;#2E2E2E&#8221; text_font_size=&#8221;30px&#8221; text_line_height=&#8221;1.8em&#8221; header_font=&#8221;Overpass||||||||&#8221; header_text_align=&#8221;left&#8221; header_font_size=&#8221;45px&#8221; header_line_height=&#8221;1.1em&#8221; header_2_font=&#8221;Overpass||||||||&#8221; background_color=&#8221;RGBA(255,255,255,0)&#8221; transform_scale_tablet=&#8221;&#8221; transform_scale_phone=&#8221;&#8221; transform_scale_last_edited=&#8221;on|phone&#8221; transform_translate_tablet=&#8221;0px|-27px&#8221; transform_translate_phone=&#8221;0px|-31px&#8221; transform_translate_last_edited=&#8221;on|tablet&#8221; transform_translate_linked_tablet=&#8221;off&#8221; transform_translate_linked_phone=&#8221;off&#8221; transform_rotate_tablet=&#8221;&#8221; transform_rotate_phone=&#8221;&#8221; transform_rotate_last_edited=&#8221;on|phone&#8221; transform_skew_tablet=&#8221;&#8221; transform_skew_phone=&#8221;&#8221; transform_skew_last_edited=&#8221;on|phone&#8221; transform_origin_tablet=&#8221;&#8221; transform_origin_phone=&#8221;&#8221; transform_origin_last_edited=&#8221;on|phone&#8221; transform_styles_last_edited=&#8221;on|tablet&#8221; width=&#8221;100%&#8221; width_tablet=&#8221;65%&#8221; width_phone=&#8221;100%&#8221; width_last_edited=&#8221;on|phone&#8221; max_width_tablet=&#8221;&#8221; max_width_phone=&#8221;100%&#8221; max_width_last_edited=&#8221;on|phone&#8221; module_alignment=&#8221;center&#8221; min_height=&#8221;100px&#8221; text_font_size_tablet=&#8221;20px&#8221; text_font_size_phone=&#8221;20px&#8221; text_font_size_last_edited=&#8221;on|tablet&#8221; header_font_size_tablet=&#8221;35px&#8221; header_font_size_phone=&#8221;28px&#8221; header_font_size_last_edited=&#8221;on|phone&#8221; transform_styles_tablet=&#8221;&#8221; transform_styles_phone=&#8221;&#8221; global_colors_info=&#8221;{}&#8221;]<\/p>\n<p>Proyecto<\/p>\n<h1><b>UNIDIGITAL SIMBIOLAB<\/b><\/h1>\n<p>[\/et_pb_text][\/et_pb_column][\/et_pb_row][et_pb_row column_structure=&#8221;1_3,1_3,1_3&#8243; _builder_version=&#8221;4.17.4&#8243; _module_preset=&#8221;default&#8221; background_color=&#8221;rgba(255,255,255,0.87)&#8221; transform_scale_tablet=&#8221;&#8221; transform_scale_phone=&#8221;&#8221; transform_scale_last_edited=&#8221;on|tablet&#8221; transform_translate=&#8221;300px|-45px&#8221; transform_translate_tablet=&#8221;0px|-52px&#8221; transform_translate_phone=&#8221;0px|-83px&#8221; transform_translate_last_edited=&#8221;on|phone&#8221; transform_translate_linked=&#8221;off&#8221; transform_rotate_tablet=&#8221;&#8221; transform_rotate_phone=&#8221;&#8221; transform_rotate_last_edited=&#8221;on|phone&#8221; transform_skew_tablet=&#8221;&#8221; transform_skew_phone=&#8221;&#8221; transform_skew_last_edited=&#8221;on|phone&#8221; transform_origin_tablet=&#8221;&#8221; transform_origin_phone=&#8221;&#8221; transform_origin_last_edited=&#8221;on|phone&#8221; transform_styles_last_edited=&#8221;on|phone&#8221; width=&#8221;40%&#8221; width_tablet=&#8221;80%&#8221; width_phone=&#8221;100%&#8221; width_last_edited=&#8221;on|tablet&#8221; max_width_tablet=&#8221;2560%&#8221; max_width_phone=&#8221;2560%&#8221; max_width_last_edited=&#8221;on|tablet&#8221; min_height=&#8221;100px&#8221; min_height_tablet=&#8221;100px&#8221; min_height_phone=&#8221;100px&#8221; min_height_last_edited=&#8221;on|tablet&#8221; height=&#8221;100px&#8221; height_tablet=&#8221;100px&#8221; height_phone=&#8221;140px&#8221; height_last_edited=&#8221;on|phone&#8221; custom_margin=&#8221;8px||||false|false&#8221; transform_styles_tablet=&#8221;&#8221; transform_styles_phone=&#8221;&#8221; global_colors_info=&#8221;{}&#8221;][et_pb_column type=&#8221;1_3&#8243; _builder_version=&#8221;4.17.4&#8243; _module_preset=&#8221;default&#8221; global_colors_info=&#8221;{}&#8221;][et_pb_image src=&#8221;https:\/\/unidigitalsimustat.umh.es\/files\/2023\/05\/logo-ministerio.png&#8221; title_text=&#8221;logo-ministerio&#8221; align=&#8221;right&#8221; _builder_version=&#8221;4.17.4&#8243; _module_preset=&#8221;default&#8221; transform_scale_tablet=&#8221;&#8221; transform_scale_phone=&#8221;&#8221; transform_scale_last_edited=&#8221;on|phone&#8221; transform_translate=&#8221;0px|-12px&#8221; transform_translate_tablet=&#8221;-197px|-5px&#8221; transform_translate_phone=&#8221;19px|-6px&#8221; transform_translate_last_edited=&#8221;on|phone&#8221; transform_translate_linked=&#8221;off&#8221; transform_rotate_tablet=&#8221;&#8221; transform_rotate_phone=&#8221;&#8221; transform_rotate_last_edited=&#8221;on|phone&#8221; transform_skew_tablet=&#8221;&#8221; transform_skew_phone=&#8221;&#8221; transform_skew_last_edited=&#8221;on|phone&#8221; transform_origin_tablet=&#8221;&#8221; transform_origin_phone=&#8221;&#8221; transform_origin_last_edited=&#8221;on|phone&#8221; transform_styles_last_edited=&#8221;on|phone&#8221; width=&#8221;80%&#8221; max_width_tablet=&#8221;30%&#8221; max_width_phone=&#8221;40%&#8221; max_width_last_edited=&#8221;on|phone&#8221; transform_styles_tablet=&#8221;&#8221; transform_styles_phone=&#8221;&#8221; module_alignment_tablet=&#8221;center&#8221; module_alignment_phone=&#8221;left&#8221; module_alignment_last_edited=&#8221;on|phone&#8221; global_colors_info=&#8221;{}&#8221;][\/et_pb_image][\/et_pb_column][et_pb_column type=&#8221;1_3&#8243; _builder_version=&#8221;4.17.4&#8243; _module_preset=&#8221;default&#8221; global_colors_info=&#8221;{}&#8221;][et_pb_image src=&#8221;https:\/\/unidigitalsimustat.umh.es\/files\/2023\/05\/logo-plan-recuperacion.png&#8221; title_text=&#8221;logo-plan-recuperacion&#8221; _builder_version=&#8221;4.17.4&#8243; _module_preset=&#8221;default&#8221; transform_scale_tablet=&#8221;&#8221; transform_scale_phone=&#8221;&#8221; transform_scale_last_edited=&#8221;on|phone&#8221; transform_translate=&#8221;0px|-5px&#8221; transform_translate_tablet=&#8221;-1px|-76px&#8221; transform_translate_phone=&#8221;78px|-75px&#8221; transform_translate_last_edited=&#8221;on|phone&#8221; transform_translate_linked=&#8221;off&#8221; transform_rotate_tablet=&#8221;&#8221; transform_rotate_phone=&#8221;&#8221; transform_rotate_last_edited=&#8221;on|phone&#8221; transform_skew_tablet=&#8221;&#8221; transform_skew_phone=&#8221;&#8221; transform_skew_last_edited=&#8221;on|phone&#8221; transform_origin_tablet=&#8221;&#8221; transform_origin_phone=&#8221;&#8221; transform_origin_last_edited=&#8221;on|phone&#8221; transform_styles_last_edited=&#8221;on|phone&#8221; width=&#8221;90%&#8221; max_width_tablet=&#8221;30%&#8221; max_width_phone=&#8221;45%&#8221; max_width_last_edited=&#8221;on|phone&#8221; module_alignment=&#8221;center&#8221; transform_styles_tablet=&#8221;&#8221; transform_styles_phone=&#8221;&#8221; global_colors_info=&#8221;{}&#8221;][\/et_pb_image][\/et_pb_column][et_pb_column type=&#8221;1_3&#8243; _builder_version=&#8221;4.17.4&#8243; _module_preset=&#8221;default&#8221; global_colors_info=&#8221;{}&#8221;][et_pb_image src=&#8221;https:\/\/unidigitalsimustat.umh.es\/files\/2023\/05\/logo-UE.png&#8221; title_text=&#8221;logo-UE&#8221; _builder_version=&#8221;4.17.4&#8243; _module_preset=&#8221;default&#8221; transform_scale_tablet=&#8221;&#8221; transform_scale_phone=&#8221;&#8221; transform_scale_last_edited=&#8221;on|phone&#8221; transform_translate=&#8221;-15px|-5px&#8221; transform_translate_tablet=&#8221;196px|-143px&#8221; transform_translate_phone=&#8221;0px|-85px&#8221; transform_translate_last_edited=&#8221;on|phone&#8221; transform_translate_linked=&#8221;off&#8221; transform_rotate_tablet=&#8221;&#8221; transform_rotate_phone=&#8221;&#8221; transform_rotate_last_edited=&#8221;on|phone&#8221; transform_skew_tablet=&#8221;&#8221; transform_skew_phone=&#8221;&#8221; transform_skew_last_edited=&#8221;on|phone&#8221; transform_origin_tablet=&#8221;&#8221; transform_origin_phone=&#8221;&#8221; transform_origin_last_edited=&#8221;on|phone&#8221; transform_styles_last_edited=&#8221;on|phone&#8221; width=&#8221;80%&#8221; width_tablet=&#8221;80%&#8221; width_phone=&#8221;45%&#8221; width_last_edited=&#8221;on|phone&#8221; max_width_tablet=&#8221;30%&#8221; max_width_phone=&#8221;30%&#8221; max_width_last_edited=&#8221;on|tablet&#8221; module_alignment=&#8221;center&#8221; transform_styles_tablet=&#8221;&#8221; transform_styles_phone=&#8221;&#8221; global_colors_info=&#8221;{}&#8221;][\/et_pb_image][\/et_pb_column][\/et_pb_row][\/et_pb_section][et_pb_section fb_built=&#8221;1&#8243; _builder_version=&#8221;4.17.4&#8243; _module_preset=&#8221;default&#8221; background_color=&#8221;#FFFFFF&#8221; background_enable_image=&#8221;off&#8221; background_blend=&#8221;overlay&#8221; transform_scale_tablet=&#8221;&#8221; transform_scale_phone=&#8221;&#8221; transform_scale_last_edited=&#8221;on|desktop&#8221; transform_translate_tablet=&#8221;&#8221; transform_translate_phone=&#8221;&#8221; transform_translate_last_edited=&#8221;on|tablet&#8221; transform_translate_linked_tablet=&#8221;off&#8221; transform_rotate_tablet=&#8221;&#8221; transform_rotate_phone=&#8221;&#8221; transform_rotate_last_edited=&#8221;on|desktop&#8221; transform_skew_tablet=&#8221;&#8221; transform_skew_phone=&#8221;&#8221; transform_skew_last_edited=&#8221;on|desktop&#8221; transform_origin_tablet=&#8221;&#8221; transform_origin_phone=&#8221;&#8221; transform_origin_last_edited=&#8221;on|desktop&#8221; transform_styles_last_edited=&#8221;on|tablet&#8221; min_height=&#8221;564px&#8221; custom_margin=&#8221;-15px||||false|false&#8221; custom_padding=&#8221;21px|||||&#8221; transform_styles_tablet=&#8221;&#8221; transform_styles_phone=&#8221;&#8221; global_colors_info=&#8221;{}&#8221;][et_pb_row _builder_version=&#8221;4.17.4&#8243; _module_preset=&#8221;default&#8221; transform_scale_tablet=&#8221;&#8221; transform_scale_phone=&#8221;&#8221; transform_scale_last_edited=&#8221;on|phone&#8221; transform_translate=&#8221;0px|20px&#8221; transform_translate_tablet=&#8221;0px|79px&#8221; transform_translate_phone=&#8221;0px|0px&#8221; transform_translate_last_edited=&#8221;on|desktop&#8221; transform_translate_linked=&#8221;off&#8221; transform_rotate_tablet=&#8221;&#8221; transform_rotate_phone=&#8221;&#8221; transform_rotate_last_edited=&#8221;on|desktop&#8221; transform_skew_tablet=&#8221;&#8221; transform_skew_phone=&#8221;&#8221; transform_skew_last_edited=&#8221;on|desktop&#8221; transform_origin_tablet=&#8221;&#8221; transform_origin_phone=&#8221;&#8221; transform_origin_last_edited=&#8221;on|desktop&#8221; transform_styles_last_edited=&#8221;on|phone&#8221; custom_padding=&#8221;||76px||false|false&#8221; transform_styles_tablet=&#8221;&#8221; transform_styles_phone=&#8221;&#8221; global_colors_info=&#8221;{}&#8221;][et_pb_column type=&#8221;4_4&#8243; _builder_version=&#8221;4.17.4&#8243; _module_preset=&#8221;default&#8221; global_colors_info=&#8221;{}&#8221;][et_pb_text _builder_version=&#8221;4.17.4&#8243; _module_preset=&#8221;default&#8221; text_font=&#8221;Heebo|500|||||||&#8221; text_font_size=&#8221;16px&#8221; header_font=&#8221;Overpass||||||||&#8221; header_2_font=&#8221;Heebo|600|||||||&#8221; transform_scale_tablet=&#8221;&#8221; transform_scale_phone=&#8221;&#8221; transform_scale_last_edited=&#8221;on|desktop&#8221; transform_translate_tablet=&#8221;0px|-178px&#8221; transform_translate_phone=&#8221;0px|-111px&#8221; transform_translate_last_edited=&#8221;on|desktop&#8221; transform_translate_linked_tablet=&#8221;off&#8221; transform_rotate_tablet=&#8221;&#8221; transform_rotate_phone=&#8221;&#8221; transform_rotate_last_edited=&#8221;on|desktop&#8221; transform_skew_tablet=&#8221;&#8221; transform_skew_phone=&#8221;&#8221; transform_skew_last_edited=&#8221;on|desktop&#8221; transform_origin_tablet=&#8221;&#8221; transform_origin_phone=&#8221;&#8221; transform_origin_last_edited=&#8221;on|desktop&#8221; transform_styles_last_edited=&#8221;on|desktop&#8221; text_orientation=&#8221;right&#8221; width=&#8221;100%&#8221; max_width_tablet=&#8221;95%&#8221; max_width_phone=&#8221;95%&#8221; max_width_last_edited=&#8221;on|tablet&#8221; module_alignment=&#8221;right&#8221; custom_margin=&#8221;0px||||false|false&#8221; custom_padding=&#8221;||0px|||&#8221; hover_enabled=&#8221;0&#8243; transform_styles_tablet=&#8221;&#8221; transform_styles_phone=&#8221;&#8221; inline_fonts=&#8221;Heebo&#8221; global_colors_info=&#8221;{}&#8221; sticky_enabled=&#8221;0&#8243;]<\/p>\n<h1 class=\"entry-title main_title\" style=\"text-align: left\">Declaraci\u00f3n de accesibilidad<\/h1>\n<div class=\"entry-content\">\n<p style=\"text-align: left\">La Universidad Miguel Hern\u00e1ndez de Elche se ha comprometido a hacer accesible su sitio web de conformidad con el<span>\u00a0<\/span><a href=\"https:\/\/urldefense.com\/v3\/__http:\/\/www.boe.es\/diario_boe\/txt.php?id=BOE-A-2018-12699__;!!D9dNQwwGXtA!QrRQwigJwJD3Amy8Ta2Zj1KHs07lUnA7tHCZA7Fx5rLeebzhv2ceWLJW2qCFPCk9r5wGXG6FQA5d$\">Real Decreto 1112\/2018, de 7 de septiembre, sobre accesibilidad de los sitios web y aplicaciones para dispositivos m\u00f3viles del sector p\u00fablico (abre en nueva ventana)<\/a>.<\/p>\n<p style=\"text-align: left\">La presente declaraci\u00f3n de accesibilidad se aplica al sitio web <a href=\"https:\/\/unidigitalsimbiolab.umh.es\">unidigitalsimbiolab.umh.es<\/a><\/p>\n<h3 style=\"text-align: left\">Situaci\u00f3n de cumplimiento<\/h3>\n<p style=\"text-align: left\">Este sitio web es<span>\u00a0<\/span><strong>parcialmente conforme<\/strong><span>\u00a0<\/span>con el RD 1112\/2018 debido a las excepciones y a la falta de conformidad de los aspectos que se indican a continuaci\u00f3n.<\/p>\n<h3 style=\"text-align: left\">Contenido no accesible<\/h3>\n<p style=\"text-align: left\">El contenido que se recoge a continuaci\u00f3n no es accesible por lo siguiente:<\/p>\n<ol type=\"a\" style=\"text-align: left\">\n<li><strong>Falta de conformidad con el RD 1112\/2018<\/strong>\n<ul>\n<li>Podr\u00edan existir fallos puntuales de edici\u00f3n en alguna p\u00e1gina web.<\/li>\n<li>En el portal existen contenidos enlazados en forma de medios tempodependientes que no disponen de audiodescripciones [requisitos 9.1.2.3 Audiodescripci\u00f3n o Medio Alternativo (grabado) y 9.1.2.5 Audiodescripci\u00f3n (grabado) de UNE-EN 301549:2019].<\/li>\n<\/ul>\n<\/li>\n<li><strong>Carga desproporcionada<\/strong>\n<ul>\n<li>No aplica.<\/li>\n<\/ul>\n<\/li>\n<li>El contenido<span>\u00a0<\/span><strong>no entra dentro del \u00e1mbito de la legislaci\u00f3n<\/strong><span>\u00a0<\/span>aplicable\n<ul>\n<li>Podr\u00edan existir archivos ofim\u00e1ticos en PDF u otros formatos publicados antes del 20 de septiembre de 2018 que no cumplan en su totalidad todos los requisitos de accesibilidad. Aunque se ha procurado que la mayor\u00eda de ellos s\u00ed lo cumplan.<\/li>\n<\/ul>\n<\/li>\n<\/ol>\n<h3 style=\"text-align: left\">Preparaci\u00f3n de la presente declaraci\u00f3n de accesibilidad<\/h3>\n<p style=\"text-align: left\">La presente declaraci\u00f3n fue preparada el 28 de noviembre de 2023.<\/p>\n<p style=\"text-align: left\">El m\u00e9todo empleado para preparar la declaraci\u00f3n ha sido una autoevaluaci\u00f3n llevada a cabo por el propio organismo.<\/p>\n<p style=\"text-align: left\">\u00daltima revisi\u00f3n de la declaraci\u00f3n: 30 de noviembre de 2023.<\/p>\n<h3 style=\"text-align: left\">Observaciones y datos de contacto<\/h3>\n<p style=\"text-align: left\">Puede realizar<span>\u00a0<\/span><strong>comunicaciones<span>\u00a0<\/span><\/strong>sobre requisitos de accesibilidad (art\u00edculo 10.2.a) del RD 1112\/2018) como por ejemplo:<\/p>\n<ul style=\"text-align: left\">\n<li>informar sobre cualquier posible<span>\u00a0<\/span><strong>incumplimiento<\/strong><span>\u00a0<\/span>por parte de este sitio web.<\/li>\n<li>transmitir otras<span>\u00a0<\/span><strong>dificultades de acceso<\/strong><span>\u00a0<\/span>al contenido.<\/li>\n<li>formular cualquier otra<span>\u00a0<\/span><strong>consulta o sugerencia de mejora<\/strong><span>\u00a0<\/span>relativa a la accesibilidad del sitio web.<\/li>\n<\/ul>\n<p style=\"text-align: left\">A trav\u00e9s de la direcci\u00f3n de correo electr\u00f3nico<span>\u00a0<\/span><a data-enc-email=\"npprfvovyvqnqjro[at]hzu.rf\" class=\"mail-link\" data-wpel-link=\"ignore\"><span id=\"eeb-28202-370978\">accesibilidadweb@umh.es<\/span><\/a><span>\u00a0<\/span>o llamando al tel\u00e9fono 96 665 8956.<\/p>\n<p style=\"text-align: left\">Las comunicaciones ser\u00e1n recibidas y tratadas por el<span>\u00a0<\/span><strong>Servicio de Innovaci\u00f3n y Planificaci\u00f3n Tecnol\u00f3gica<\/strong>, como Unidad Responsable de Accesibilidad de la Universidad Miguel Hern\u00e1ndez de Elche.<\/p>\n<h3 style=\"text-align: left\">Procedimiento de aplicaci\u00f3n<\/h3>\n<p style=\"text-align: left\">El procedimiento de reclamaci\u00f3n recogido en el art\u00edculo 13 del RD 1112\/2018 entr\u00f3 en vigor el 20 de septiembre de 2020.<\/p>\n<p style=\"text-align: left\">Las solicitudes de informaci\u00f3n accesible y quejas ser\u00e1n presentadas y registradas conforme a los requisitos establecidos en la Ley 39\/2015, de 1 de octubre, del Procedimiento Administrativo Com\u00fan de las Administraciones P\u00fablicas. Dicho tr\u00e1mite podr\u00e1 realizarse mediante<span>\u00a0<\/span><a href=\"https:\/\/sede.umh.es\/procedimientos\/instancia-general\/\">instancia general presentada a trav\u00e9s de la Sede electr\u00f3nica de la UMH (abre en nueva ventana)<\/a><span>\u00a0<\/span>o de forma presencial en el Registro General de la Universidad y en los registros auxiliares de \u00e9ste ubicados en los centros de gesti\u00f3n de campus.<\/p>\n<p style=\"text-align: left\">Procedimiento de reclamaci\u00f3n. Si una vez realizada una solicitud de informaci\u00f3n accesible o queja, \u00e9sta hubiera sido desestimada, no se estuviera de acuerdo con la decisi\u00f3n adoptada, o la respuesta no cumpliera los requisitos contemplados en el art\u00edculo 12.5 del RD 1112\/2018, la persona interesada podr\u00e1 iniciar una reclamaci\u00f3n para conocer y oponerse a los motivos de la desestimaci\u00f3n, instar la adopci\u00f3n de las medidas oportunas en el caso de no estar de acuerdo con la decisi\u00f3n adoptada, o exponer las razones por las que se considera que la respuesta no cumple con los requisitos exigidos.<\/p>\n<p style=\"text-align: left\">Igualmente se podr\u00e1 iniciar una reclamaci\u00f3n en el caso de que haya transcurrido el plazo de veinte d\u00edas h\u00e1biles sin haber obtenido respuesta, que deber\u00e1 ser presentada y registrada conforme a los requisitos establecidos en la Ley 39\/2015, de 1 de octubre.<\/p>\n<h3 style=\"text-align: left\">Contenido opcional<\/h3>\n<p style=\"text-align: left\">Este sitio web aplica los requisitos de la<span>\u00a0<\/span><a href=\"https:\/\/administracionelectronica.gob.es\/PAe\/accesibilidad\/une-en-301549-2019.pdf\">Norma UNE-EN 301549:2019 (PDF \u2013 2.2Mb)<\/a><span>\u00a0<\/span>considerando las excepciones del RD 1112\/2018.<\/p>\n<p style=\"text-align: left\">La \u00faltima revisi\u00f3n de la accesibilidad se ha realizado en noviembre de 2023.<\/p>\n<\/div>\n<p>[\/et_pb_text][\/et_pb_column][\/et_pb_row][\/et_pb_section]<\/p>\n","protected":false},"excerpt":{"rendered":"<p>Proyecto UNIDIGITAL SIMBIOLABDeclaraci\u00f3n de accesibilidad La Universidad Miguel Hern\u00e1ndez de Elche se ha comprometido a hacer accesible su sitio web de conformidad con el\u00a0Real Decreto 1112\/2018, de 7 de septiembre, sobre accesibilidad de los sitios web y aplicaciones para dispositivos m\u00f3viles del sector p\u00fablico (abre en nueva ventana). La presente declaraci\u00f3n de accesibilidad se aplica [&hellip;]<\/p>\n","protected":false},"author":19,"featured_media":0,"parent":0,"menu_order":0,"comment_status":"closed","ping_status":"closed","template":"","meta":{"_et_pb_use_builder":"on","_et_pb_old_content":"","_et_gb_content_width":"","ngg_post_thumbnail":0,"_links_to":"","_links_to_target":""},"_links":{"self":[{"href":"https:\/\/unidigitalsimbiolab.umh.es\/en\/wp-json\/wp\/v2\/pages\/739"}],"collection":[{"href":"https:\/\/unidigitalsimbiolab.umh.es\/en\/wp-json\/wp\/v2\/pages"}],"about":[{"href":"https:\/\/unidigitalsimbiolab.umh.es\/en\/wp-json\/wp\/v2\/types\/page"}],"author":[{"embeddable":true,"href":"https:\/\/unidigitalsimbiolab.umh.es\/en\/wp-json\/wp\/v2\/users\/19"}],"replies":[{"embeddable":true,"href":"https:\/\/unidigitalsimbiolab.umh.es\/en\/wp-json\/wp\/v2\/comments?post=739"}],"version-history":[{"count":0,"href":"https:\/\/unidigitalsimbiolab.umh.es\/en\/wp-json\/wp\/v2\/pages\/739\/revisions"}],"wp:attachment":[{"href":"https:\/\/unidigitalsimbiolab.umh.es\/en\/wp-json\/wp\/v2\/media?parent=739"}],"curies":[{"name":"wp","href":"https:\/\/api.w.org\/{rel}","templated":true}]}}